{"id":69,"date":"2018-06-19T10:44:17","date_gmt":"2018-06-19T10:44:17","guid":{"rendered":"https:\/\/reaaci.com\/?page_id=69"},"modified":"2025-02-22T11:52:53","modified_gmt":"2025-02-22T11:52:53","slug":"about-us","status":"publish","type":"page","link":"https:\/\/reaaci.com\/?page_id=69","title":{"rendered":"About Us"},"content":{"rendered":"\t\t<div data-elementor-type=\"wp-page\" data-elementor-id=\"69\" class=\"elementor elementor-69\">\n\t\t\t\t\t\t<section class=\"elementor-section elementor-top-section elementor-element elementor-element-7c89838d elementor-section-stretched elementor-section-height-min-height elementor-section-boxed elementor-section-height-default elementor-section-items-middle\" data-id=\"7c89838d\" data-element_type=\"section\" data-settings=\"{&quot;stretch_section&quot;:&quot;section-stretched&quot;,&quot;background_background&quot;:&quot;classic&quot;}\">\n\t\t\t\t\t\t<div class=\"elementor-container elementor-column-gap-default\">\n\t\t\t\t\t<div class=\"aux-parallax-section elementor-column elementor-col-100 elementor-top-column elementor-element elementor-element-51ad86fa aux-appear-watch-animation aux-fade-in-right\" data-id=\"51ad86fa\" data-element_type=\"column\">\n\t\t\t<div class=\"elementor-widget-wrap elementor-element-populated\">\n\t\t\t\t\t\t<div class=\"elementor-element elementor-element-65ae90d0 elementor-widget__width-initial elementor-widget elementor-widget-aux_modern_heading\" data-id=\"65ae90d0\" data-element_type=\"widget\" data-widget_type=\"aux_modern_heading.default\">\n\t\t\t\t<div class=\"elementor-widget-container\">\n\t\t\t\t\t<section class=\"aux-widget-modern-heading\">\n            <div class=\"aux-widget-inner\"><h2 class=\"aux-modern-heading-primary\">Nosotros<\/h2><\/div>\n        <\/section>\t\t\t\t<\/div>\n\t\t\t\t<\/div>\n\t\t\t\t\t<\/div>\n\t\t<\/div>\n\t\t\t\t\t<\/div>\n\t\t<\/section>\n\t\t\t\t<section class=\"elementor-section elementor-top-section elementor-element elementor-element-ca2a472 elementor-section-content-middle elementor-section-boxed elementor-section-height-default elementor-section-height-default\" data-id=\"ca2a472\" data-element_type=\"section\">\n\t\t\t\t\t\t<div class=\"elementor-container elementor-column-gap-default\">\n\t\t\t\t\t<div class=\"aux-parallax-section elementor-column elementor-col-50 elementor-top-column elementor-element elementor-element-2ce959dd\" data-id=\"2ce959dd\" data-element_type=\"column\" data-settings=\"{&quot;background_background&quot;:&quot;gradient&quot;}\">\n\t\t\t<div class=\"elementor-widget-wrap elementor-element-populated\">\n\t\t\t\t\t\t<div class=\"elementor-element elementor-element-49d9de1 aux-appear-watch-animation aux-fade-in-up elementor-widget elementor-widget-aux_modern_heading\" data-id=\"49d9de1\" data-element_type=\"widget\" data-widget_type=\"aux_modern_heading.default\">\n\t\t\t\t<div class=\"elementor-widget-container\">\n\t\t\t\t\t<section class=\"aux-widget-modern-heading\">\n            <div class=\"aux-widget-inner\"><h2 class=\"aux-modern-heading-primary\"><\/h2><h3 class=\"aux-modern-heading-secondary\"><span class=\"aux-head-before\">  Acerca de nosotros<\/span><\/h3><div class=\"aux-modern-heading-divider\"><\/div><div class=\"aux-modern-heading-description\"><h5><strong>\u00a0Somos una empresa 100%\u00a0 mexicana especializada en todo\u00a0 tipo de aires acondicionados\u00a0 industriales y comercial.\u00a0 Contamos con un equipo s\u00f3lido para la ejecuci\u00f3n de cada proyecto. M\u00e1s de 22 a\u00f1os de experiencia respaldan a nuestro trabajo en el ramo de reparaci\u00f3n e instalaci\u00f3n\u00a0 comercial e industrial a nivel nacional.<\/strong><\/h5><\/div><\/div>\n        <\/section>\t\t\t\t<\/div>\n\t\t\t\t<\/div>\n\t\t\t\t\t<\/div>\n\t\t<\/div>\n\t\t\t\t<div class=\"aux-parallax-section elementor-column elementor-col-50 elementor-top-column elementor-element elementor-element-1d8d0f19 aux-appear-watch-animation aux-scale-down\" data-id=\"1d8d0f19\" data-element_type=\"column\">\n\t\t\t<div class=\"elementor-widget-wrap elementor-element-populated\">\n\t\t\t\t\t\t<div class=\"elementor-element elementor-element-2d5cedba elementor-widget elementor-widget-aux_image\" data-id=\"2d5cedba\" data-element_type=\"widget\" data-widget_type=\"aux_image.default\">\n\t\t\t\t<div class=\"elementor-widget-container\">\n\t\t\t\t\t<section class=\"widget-container aux-widget-image aux-alignnone aux-parent-au76782e25\">\n    <div class=\"aux-media-hint-frame \">\n        <div class=\"aux-media-image \" >\n        \n            \n\n            \n            <img fetchpriority=\"high\" decoding=\"async\" width=\"784\" height=\"700\" src=\"data:image\/gif;base64,R0lGODlhAQABAIAAAAAAAP\/\/\/yH5BAEAAAAALAAAAAABAAEAAAIBRAA7\" class=\"aux-attachment aux-featured-image aux-attachment-id-195 aux-preload aux-blank\" alt=\"A\u00f1adir un t\u00edtulo (11)\" data-ratio=\"1.12\" data-original-w=\"1640\" sizes=\"auto\" data-srcset=\"https:\/\/reaaci.com\/wp-content\/uploads\/2024\/12\/Anadir-un-titulo-11-150x134.png 150w,https:\/\/reaaci.com\/wp-content\/uploads\/2024\/12\/Anadir-un-titulo-11-300x268.png 300w,https:\/\/reaaci.com\/wp-content\/uploads\/2024\/12\/Anadir-un-titulo-11-768x686.png 768w,https:\/\/reaaci.com\/wp-content\/uploads\/2024\/12\/Anadir-un-titulo-11-1024x914.png 1024w,https:\/\/reaaci.com\/wp-content\/uploads\/2024\/12\/Anadir-un-titulo-11-784x700.png 784w\" data-src=\"https:\/\/reaaci.com\/wp-content\/uploads\/2024\/12\/Anadir-un-titulo-11-784x700.png\" \/>            \n                <\/div>\n    <\/div>\n\n<\/section><!-- widget-container -->\t\t\t\t<\/div>\n\t\t\t\t<\/div>\n\t\t\t\t\t<\/div>\n\t\t<\/div>\n\t\t\t\t\t<\/div>\n\t\t<\/section>\n\t\t\t\t<section class=\"elementor-section elementor-top-section elementor-element elementor-element-561c777c elementor-section-height-full elementor-section-boxed elementor-section-height-default elementor-section-items-middle\" data-id=\"561c777c\" data-element_type=\"section\">\n\t\t\t\t\t\t<div class=\"elementor-container elementor-column-gap-default\">\n\t\t\t\t\t<div class=\"aux-parallax-section elementor-column elementor-col-100 elementor-top-column elementor-element elementor-element-74dd3d00\" data-id=\"74dd3d00\" data-element_type=\"column\" data-settings=\"{&quot;background_background&quot;:&quot;classic&quot;}\">\n\t\t\t<div class=\"elementor-widget-wrap elementor-element-populated\">\n\t\t\t\t\t<div class=\"elementor-background-overlay\"><\/div>\n\t\t\t\t\t\t<div class=\"elementor-element elementor-element-b236b17 aux-appear-watch-animation aux-scale-down elementor-widget elementor-widget-aux_modern_heading\" data-id=\"b236b17\" data-element_type=\"widget\" data-widget_type=\"aux_modern_heading.default\">\n\t\t\t\t<div class=\"elementor-widget-container\">\n\t\t\t\t\t<section class=\"aux-widget-modern-heading\">\n            <div class=\"aux-widget-inner\"><h2 class=\"aux-modern-heading-primary\">\u201c<\/h2><div class=\"aux-modern-heading-description\"><p>En REAACI estamos comprometidos con el cumplimiento de las obligaciones que conlleven una salud laboral, legal, administrativa de seguridad, salud ocupacional, calidad y medio ambiente, siendo una empresa socialmente responsable.<\/p><\/div><\/div>\n        <\/section>\t\t\t\t<\/div>\n\t\t\t\t<\/div>\n\t\t\t\t<div class=\"elementor-element elementor-element-65c36c11 aux-appear-watch-animation aux-fade-in-up elementor-widget elementor-widget-aux_modern_heading\" data-id=\"65c36c11\" data-element_type=\"widget\" data-widget_type=\"aux_modern_heading.default\">\n\t\t\t\t<div class=\"elementor-widget-container\">\n\t\t\t\t\t<section class=\"aux-widget-modern-heading\">\n            <div class=\"aux-widget-inner\"><h2 class=\"aux-modern-heading-primary\">MISI\u00d3N Y VISI\u00d3N<\/h2><\/div>\n        <\/section>\t\t\t\t<\/div>\n\t\t\t\t<\/div>\n\t\t\t\t\t<\/div>\n\t\t<\/div>\n\t\t\t\t\t<\/div>\n\t\t<\/section>\n\t\t\t\t<section class=\"elementor-section elementor-top-section elementor-element elementor-element-6527802 elementor-section-boxed elementor-section-height-default elementor-section-height-default\" data-id=\"6527802\" data-element_type=\"section\">\n\t\t\t\t\t\t<div class=\"elementor-container elementor-column-gap-default\">\n\t\t\t\t\t<div class=\"aux-parallax-section elementor-column elementor-col-50 elementor-top-column elementor-element elementor-element-89e8f3e\" data-id=\"89e8f3e\" data-element_type=\"column\">\n\t\t\t<div class=\"elementor-widget-wrap elementor-element-populated\">\n\t\t\t\t\t\t<div class=\"elementor-element elementor-element-8efe6f7 elementor-widget elementor-widget-image\" data-id=\"8efe6f7\" data-element_type=\"widget\" data-widget_type=\"image.default\">\n\t\t\t\t<div class=\"elementor-widget-container\">\n\t\t\t\t\t\t\t\t\t\t\t\t\t\t\t<img decoding=\"async\" width=\"500\" height=\"500\" src=\"https:\/\/reaaci.com\/wp-content\/uploads\/2024\/12\/tattoO-studio-1.png\" class=\"attachment-large size-large wp-image-209\" alt=\"\" srcset=\"https:\/\/reaaci.com\/wp-content\/uploads\/2024\/12\/tattoO-studio-1.png 500w, https:\/\/reaaci.com\/wp-content\/uploads\/2024\/12\/tattoO-studio-1-300x300.png 300w, https:\/\/reaaci.com\/wp-content\/uploads\/2024\/12\/tattoO-studio-1-150x150.png 150w, https:\/\/reaaci.com\/wp-content\/uploads\/2024\/12\/tattoO-studio-1-200x200.png 200w\" sizes=\"(max-width: 500px) 100vw, 500px\" \/>\t\t\t\t\t\t\t\t\t\t\t\t\t\t\t<\/div>\n\t\t\t\t<\/div>\n\t\t\t\t\t<\/div>\n\t\t<\/div>\n\t\t\t\t<div class=\"aux-parallax-section elementor-column elementor-col-50 elementor-top-column elementor-element elementor-element-ba1d752\" data-id=\"ba1d752\" data-element_type=\"column\">\n\t\t\t<div class=\"elementor-widget-wrap elementor-element-populated\">\n\t\t\t\t\t\t<div class=\"elementor-element elementor-element-4c34ec6 elementor-widget elementor-widget-image\" data-id=\"4c34ec6\" data-element_type=\"widget\" data-widget_type=\"image.default\">\n\t\t\t\t<div class=\"elementor-widget-container\">\n\t\t\t\t\t\t\t\t\t\t\t\t\t\t\t<img decoding=\"async\" width=\"500\" height=\"500\" src=\"https:\/\/reaaci.com\/wp-content\/uploads\/2024\/12\/tattoO-studio-2.png\" class=\"attachment-large size-large wp-image-210\" alt=\"\" srcset=\"https:\/\/reaaci.com\/wp-content\/uploads\/2024\/12\/tattoO-studio-2.png 500w, https:\/\/reaaci.com\/wp-content\/uploads\/2024\/12\/tattoO-studio-2-300x300.png 300w, https:\/\/reaaci.com\/wp-content\/uploads\/2024\/12\/tattoO-studio-2-150x150.png 150w, https:\/\/reaaci.com\/wp-content\/uploads\/2024\/12\/tattoO-studio-2-200x200.png 200w\" sizes=\"(max-width: 500px) 100vw, 500px\" \/>\t\t\t\t\t\t\t\t\t\t\t\t\t\t\t<\/div>\n\t\t\t\t<\/div>\n\t\t\t\t\t<\/div>\n\t\t<\/div>\n\t\t\t\t\t<\/div>\n\t\t<\/section>\n\t\t\t\t<section class=\"elementor-section elementor-top-section elementor-element elementor-element-1b9453a elementor-section-content-middle elementor-section-boxed elementor-section-height-default elementor-section-height-default\" data-id=\"1b9453a\" data-element_type=\"section\" data-settings=\"{&quot;background_background&quot;:&quot;classic&quot;}\">\n\t\t\t\t\t\t<div class=\"elementor-container elementor-column-gap-custom\">\n\t\t\t\t\t<div class=\"aux-parallax-section elementor-column elementor-col-50 elementor-top-column elementor-element elementor-element-46800144 aux-appear-watch-animation aux-fade-in-left\" data-id=\"46800144\" data-element_type=\"column\" data-settings=\"{&quot;background_background&quot;:&quot;gradient&quot;}\">\n\t\t\t<div class=\"elementor-widget-wrap elementor-element-populated\">\n\t\t\t\t\t\t<div class=\"elementor-element elementor-element-6b0f0e96 elementor-widget__width-initial elementor-widget-mobile__width-initial elementor-widget elementor-widget-aux_image\" data-id=\"6b0f0e96\" data-element_type=\"widget\" data-widget_type=\"aux_image.default\">\n\t\t\t\t<div class=\"elementor-widget-container\">\n\t\t\t\t\t<section class=\"widget-container aux-widget-image aux-alignnone aux-parent-aua6ebaeee\">\n    <div class=\"aux-media-hint-frame \">\n        <div class=\"aux-media-image aux-hover-active aux-media-frame aux-lightbox-frame\" >\n                    <a class=\"aux-lightbox-btn\" href=\"https:\/\/reaaci.com\/wp-content\/uploads\/2025\/02\/Anadir_un_subtitulo__11_-removebg-preview.png\" data-elementor-open-lightbox=\"no\" data-original-width=\"665\" data-original-height=\"375\" data-caption=\"A\u00f1adir_un_subt\u00edtulo__11_-removebg-preview\" target=\"_self\"  >\n        \n            \n\n                            <div class='aux-hover-scale-circle-plus'>\n                    <span class='aux-symbol-plus'><\/span>\n                    <span class='aux-symbol-circle'><\/span>\n                <\/div>\n            \n                                <div class=\"aux-frame-mask aux-frame-darken\">\n                        <img loading=\"lazy\" decoding=\"async\" width=\"665\" height=\"375\" src=\"data:image\/gif;base64,R0lGODlhAQABAIAAAAAAAP\/\/\/yH5BAEAAAAALAAAAAABAAEAAAIBRAA7\" class=\"aux-attachment aux-featured-image aux-attachment-id-990 aux-preload aux-blank\" alt=\"A\u00f1adir_un_subt\u00edtulo__11_-removebg-preview\" data-ratio=\"1.09\" data-original-w=\"665\" sizes=\"auto\" data-srcset=\"https:\/\/reaaci.com\/wp-content\/uploads\/2025\/02\/Anadir_un_subtitulo__11_-removebg-preview-150x137.png 150w,https:\/\/reaaci.com\/wp-content\/uploads\/2025\/02\/Anadir_un_subtitulo__11_-removebg-preview-300x275.png 300w,https:\/\/reaaci.com\/wp-content\/uploads\/2025\/02\/Anadir_un_subtitulo__11_-removebg-preview-1037x950.png 665w\" data-src=\"https:\/\/reaaci.com\/wp-content\/uploads\/2025\/02\/Anadir_un_subtitulo__11_-removebg-preview-1037x950.png\" \/>                    <\/div>\n                            \n                    <\/a>\n                <\/div>\n    <\/div>\n\n<\/section><!-- widget-container -->\t\t\t\t<\/div>\n\t\t\t\t<\/div>\n\t\t\t\t\t<\/div>\n\t\t<\/div>\n\t\t\t\t<div class=\"aux-parallax-section elementor-column elementor-col-50 elementor-top-column elementor-element elementor-element-30d8bdbd\" data-id=\"30d8bdbd\" data-element_type=\"column\" data-settings=\"{&quot;background_background&quot;:&quot;gradient&quot;}\">\n\t\t\t<div class=\"elementor-widget-wrap elementor-element-populated\">\n\t\t\t\t\t\t<div class=\"elementor-element elementor-element-e753493 elementor-widget__width-initial elementor-widget-mobile__width-initial elementor-widget elementor-widget-aux_image\" data-id=\"e753493\" data-element_type=\"widget\" data-widget_type=\"aux_image.default\">\n\t\t\t\t<div class=\"elementor-widget-container\">\n\t\t\t\t\t<section class=\"widget-container aux-widget-image aux-alignnone aux-parent-auc88896d8\">\n    <div class=\"aux-media-hint-frame \">\n        <div class=\"aux-media-image aux-hover-active aux-tilt-box aux-media-frame aux-lightbox-frame\" >\n                    <a class=\"aux-lightbox-btn\" href=\"https:\/\/reaaci.com\/wp-content\/uploads\/2025\/01\/Larana-boutiquE-4.png\" data-elementor-open-lightbox=\"no\" data-original-width=\"1472\" data-original-height=\"832\" data-caption=\"Larana boutiquE (4)\" target=\"_self\"  >\n        \n            \n\n                            <div class='aux-hover-scale-circle-plus'>\n                    <span class='aux-symbol-plus'><\/span>\n                    <span class='aux-symbol-circle'><\/span>\n                <\/div>\n            \n                                <div class=\"aux-frame-mask aux-frame-darken\">\n                        <img loading=\"lazy\" decoding=\"async\" width=\"1200\" height=\"800\" src=\"data:image\/gif;base64,R0lGODlhAQABAIAAAAAAAP\/\/\/yH5BAEAAAAALAAAAAABAAEAAAIBRAA7\" class=\"aux-attachment aux-featured-image aux-attachment-id-748 aux-preload aux-blank\" alt=\"Larana boutiquE (4)\" data-ratio=\"1.5\" data-original-w=\"1472\" sizes=\"auto\" data-srcset=\"https:\/\/reaaci.com\/wp-content\/uploads\/2025\/01\/Larana-boutiquE-4-150x100.png 150w,https:\/\/reaaci.com\/wp-content\/uploads\/2025\/01\/Larana-boutiquE-4-300x200.png 300w,https:\/\/reaaci.com\/wp-content\/uploads\/2025\/01\/Larana-boutiquE-4-768x512.png 768w,https:\/\/reaaci.com\/wp-content\/uploads\/2025\/01\/Larana-boutiquE-4-1024x683.png 1024w,https:\/\/reaaci.com\/wp-content\/uploads\/2025\/01\/Larana-boutiquE-4-1200x800.png 1200w\" data-src=\"https:\/\/reaaci.com\/wp-content\/uploads\/2025\/01\/Larana-boutiquE-4-1200x800.png\" \/>                    <\/div>\n                            \n                    <\/a>\n                <\/div>\n    <\/div>\n\n<\/section><!-- widget-container -->\t\t\t\t<\/div>\n\t\t\t\t<\/div>\n\t\t\t\t\t<\/div>\n\t\t<\/div>\n\t\t\t\t\t<\/div>\n\t\t<\/section>\n\t\t\t\t<section class=\"elementor-section elementor-top-section elementor-element elementor-element-73e2d548 elementor-section-stretched elementor-section-height-min-height elementor-section-full_width elementor-section-height-default elementor-section-items-middle\" data-id=\"73e2d548\" data-element_type=\"section\" data-settings=\"{&quot;background_background&quot;:&quot;classic&quot;,&quot;stretch_section&quot;:&quot;section-stretched&quot;}\">\n\t\t\t\t\t\t\t<div class=\"elementor-background-overlay\"><\/div>\n\t\t\t\t\t\t\t<div class=\"elementor-container elementor-column-gap-default\">\n\t\t\t\t\t<div class=\"aux-parallax-section elementor-column elementor-col-100 elementor-top-column elementor-element elementor-element-63189864\" data-id=\"63189864\" data-element_type=\"column\">\n\t\t\t<div class=\"elementor-widget-wrap elementor-element-populated\">\n\t\t\t\t\t\t<div class=\"elementor-element elementor-element-49eefbef aux-appear-watch-animation aux-scale-down elementor-widget elementor-widget-aux_modern_heading\" data-id=\"49eefbef\" data-element_type=\"widget\" data-widget_type=\"aux_modern_heading.default\">\n\t\t\t\t<div class=\"elementor-widget-container\">\n\t\t\t\t\t<section class=\"aux-widget-modern-heading\">\n            <div class=\"aux-widget-inner\"><h2 class=\"aux-modern-heading-primary\">En REAACI lo que nos distingue de otras empresas?!<\/h2><div class=\"aux-modern-heading-description\"><h2>Trabajamos todos los d\u00edas para<\/h2><\/div><\/div>\n        <\/section>\t\t\t\t<\/div>\n\t\t\t\t<\/div>\n\t\t\t\t\t<\/div>\n\t\t<\/div>\n\t\t\t\t\t<\/div>\n\t\t<\/section>\n\t\t\t\t<section class=\"elementor-section elementor-top-section elementor-element elementor-element-0c740e0 elementor-section-boxed elementor-section-height-default elementor-section-height-default\" data-id=\"0c740e0\" data-element_type=\"section\">\n\t\t\t\t\t\t<div class=\"elementor-container elementor-column-gap-default\">\n\t\t\t\t\t<div class=\"aux-parallax-section elementor-column elementor-col-25 elementor-top-column elementor-element elementor-element-79dbb01\" data-id=\"79dbb01\" data-element_type=\"column\">\n\t\t\t<div class=\"elementor-widget-wrap elementor-element-populated\">\n\t\t\t\t\t\t<div class=\"elementor-element elementor-element-a915464 elementor-widget elementor-widget-image\" data-id=\"a915464\" data-element_type=\"widget\" data-widget_type=\"image.default\">\n\t\t\t\t<div class=\"elementor-widget-container\">\n\t\t\t\t\t\t\t\t\t\t\t\t\t\t\t<img loading=\"lazy\" decoding=\"async\" width=\"1024\" height=\"1024\" src=\"https:\/\/reaaci.com\/wp-content\/uploads\/2025\/01\/Eficiencia-16-1024x1024.png\" class=\"attachment-large size-large wp-image-823\" alt=\"\" srcset=\"https:\/\/reaaci.com\/wp-content\/uploads\/2025\/01\/Eficiencia-16-1024x1024.png 1024w, https:\/\/reaaci.com\/wp-content\/uploads\/2025\/01\/Eficiencia-16-300x300.png 300w, https:\/\/reaaci.com\/wp-content\/uploads\/2025\/01\/Eficiencia-16-150x150.png 150w, https:\/\/reaaci.com\/wp-content\/uploads\/2025\/01\/Eficiencia-16-768x768.png 768w, https:\/\/reaaci.com\/wp-content\/uploads\/2025\/01\/Eficiencia-16-1536x1536.png 1536w, https:\/\/reaaci.com\/wp-content\/uploads\/2025\/01\/Eficiencia-16-200x200.png 200w, https:\/\/reaaci.com\/wp-content\/uploads\/2025\/01\/Eficiencia-16.png 2048w\" sizes=\"(max-width: 1024px) 100vw, 1024px\" \/>\t\t\t\t\t\t\t\t\t\t\t\t\t\t\t<\/div>\n\t\t\t\t<\/div>\n\t\t\t\t\t<\/div>\n\t\t<\/div>\n\t\t\t\t<div class=\"aux-parallax-section elementor-column elementor-col-25 elementor-top-column elementor-element elementor-element-7d75224\" data-id=\"7d75224\" data-element_type=\"column\">\n\t\t\t<div class=\"elementor-widget-wrap elementor-element-populated\">\n\t\t\t\t\t\t<div class=\"elementor-element elementor-element-46bcc8e elementor-widget elementor-widget-image\" data-id=\"46bcc8e\" data-element_type=\"widget\" data-widget_type=\"image.default\">\n\t\t\t\t<div class=\"elementor-widget-container\">\n\t\t\t\t\t\t\t\t\t\t\t\t\t\t\t<img loading=\"lazy\" decoding=\"async\" width=\"500\" height=\"500\" src=\"https:\/\/reaaci.com\/wp-content\/uploads\/2024\/12\/tattoO-studio-5.png\" class=\"attachment-large size-large wp-image-224\" alt=\"\" srcset=\"https:\/\/reaaci.com\/wp-content\/uploads\/2024\/12\/tattoO-studio-5.png 500w, https:\/\/reaaci.com\/wp-content\/uploads\/2024\/12\/tattoO-studio-5-300x300.png 300w, https:\/\/reaaci.com\/wp-content\/uploads\/2024\/12\/tattoO-studio-5-150x150.png 150w, https:\/\/reaaci.com\/wp-content\/uploads\/2024\/12\/tattoO-studio-5-200x200.png 200w\" sizes=\"(max-width: 500px) 100vw, 500px\" \/>\t\t\t\t\t\t\t\t\t\t\t\t\t\t\t<\/div>\n\t\t\t\t<\/div>\n\t\t\t\t\t<\/div>\n\t\t<\/div>\n\t\t\t\t<div class=\"aux-parallax-section elementor-column elementor-col-25 elementor-top-column elementor-element elementor-element-c73c07d\" data-id=\"c73c07d\" data-element_type=\"column\">\n\t\t\t<div class=\"elementor-widget-wrap elementor-element-populated\">\n\t\t\t\t\t\t<div class=\"elementor-element elementor-element-a350a81 elementor-widget elementor-widget-image\" data-id=\"a350a81\" data-element_type=\"widget\" data-widget_type=\"image.default\">\n\t\t\t\t<div class=\"elementor-widget-container\">\n\t\t\t\t\t\t\t\t\t\t\t\t\t\t\t<img loading=\"lazy\" decoding=\"async\" width=\"500\" height=\"500\" src=\"https:\/\/reaaci.com\/wp-content\/uploads\/2024\/12\/tattoO-studio-6.png\" class=\"attachment-large size-large wp-image-225\" alt=\"\" srcset=\"https:\/\/reaaci.com\/wp-content\/uploads\/2024\/12\/tattoO-studio-6.png 500w, https:\/\/reaaci.com\/wp-content\/uploads\/2024\/12\/tattoO-studio-6-300x300.png 300w, https:\/\/reaaci.com\/wp-content\/uploads\/2024\/12\/tattoO-studio-6-150x150.png 150w, https:\/\/reaaci.com\/wp-content\/uploads\/2024\/12\/tattoO-studio-6-200x200.png 200w\" sizes=\"(max-width: 500px) 100vw, 500px\" \/>\t\t\t\t\t\t\t\t\t\t\t\t\t\t\t<\/div>\n\t\t\t\t<\/div>\n\t\t\t\t\t<\/div>\n\t\t<\/div>\n\t\t\t\t<div class=\"aux-parallax-section elementor-column elementor-col-25 elementor-top-column elementor-element elementor-element-10d2601\" data-id=\"10d2601\" data-element_type=\"column\">\n\t\t\t<div class=\"elementor-widget-wrap elementor-element-populated\">\n\t\t\t\t\t\t<div class=\"elementor-element elementor-element-1d3f207 elementor-widget elementor-widget-image\" data-id=\"1d3f207\" data-element_type=\"widget\" data-widget_type=\"image.default\">\n\t\t\t\t<div class=\"elementor-widget-container\">\n\t\t\t\t\t\t\t\t\t\t\t\t\t\t\t<img loading=\"lazy\" decoding=\"async\" width=\"500\" height=\"500\" src=\"https:\/\/reaaci.com\/wp-content\/uploads\/2024\/12\/tattoO-studio-3.png\" class=\"attachment-large size-large wp-image-222\" alt=\"\" srcset=\"https:\/\/reaaci.com\/wp-content\/uploads\/2024\/12\/tattoO-studio-3.png 500w, https:\/\/reaaci.com\/wp-content\/uploads\/2024\/12\/tattoO-studio-3-300x300.png 300w, https:\/\/reaaci.com\/wp-content\/uploads\/2024\/12\/tattoO-studio-3-150x150.png 150w, https:\/\/reaaci.com\/wp-content\/uploads\/2024\/12\/tattoO-studio-3-200x200.png 200w\" sizes=\"(max-width: 500px) 100vw, 500px\" \/>\t\t\t\t\t\t\t\t\t\t\t\t\t\t\t<\/div>\n\t\t\t\t<\/div>\n\t\t\t\t\t<\/div>\n\t\t<\/div>\n\t\t\t\t\t<\/div>\n\t\t<\/section>\n\t\t\t\t<section class=\"elementor-section elementor-top-section elementor-element elementor-element-2c0c157 elementor-section-boxed elementor-section-height-default elementor-section-height-default\" data-id=\"2c0c157\" data-element_type=\"section\">\n\t\t\t\t\t\t<div class=\"elementor-container elementor-column-gap-default\">\n\t\t\t\t\t<div class=\"aux-parallax-section elementor-column elementor-col-100 elementor-top-column elementor-element elementor-element-04cd34c\" data-id=\"04cd34c\" data-element_type=\"column\">\n\t\t\t<div class=\"elementor-widget-wrap\">\n\t\t\t\t\t\t\t<\/div>\n\t\t<\/div>\n\t\t\t\t\t<\/div>\n\t\t<\/section>\n\t\t\t\t<section class=\"elementor-section elementor-top-section elementor-element elementor-element-90b848d elementor-section-height-full elementor-section-boxed elementor-section-height-default elementor-section-items-middle\" data-id=\"90b848d\" data-element_type=\"section\">\n\t\t\t\t\t\t<div class=\"elementor-container elementor-column-gap-default\">\n\t\t\t\t\t<div class=\"aux-parallax-section elementor-column elementor-col-100 elementor-top-column elementor-element elementor-element-f21e135\" data-id=\"f21e135\" data-element_type=\"column\">\n\t\t\t<div class=\"elementor-widget-wrap elementor-element-populated\">\n\t\t\t\t\t\t<div class=\"elementor-element elementor-element-f8666cc elementor-widget elementor-widget-video\" data-id=\"f8666cc\" data-element_type=\"widget\" data-settings=\"{&quot;video_type&quot;:&quot;hosted&quot;,&quot;start&quot;:0,&quot;autoplay&quot;:&quot;yes&quot;,&quot;play_on_mobile&quot;:&quot;yes&quot;,&quot;controls&quot;:&quot;yes&quot;}\" data-widget_type=\"video.default\">\n\t\t\t\t<div class=\"elementor-widget-container\">\n\t\t\t\t\t\t\t<div class=\"e-hosted-video elementor-wrapper elementor-open-inline\">\n\t\t\t\t\t<video class=\"elementor-video\" src=\"https:\/\/reaaci.com\/wp-content\/uploads\/2025\/01\/Anadir-un-titulo.mp4\" autoplay=\"\" controls=\"\" playsinline=\"\" controlsList=\"nodownload\"><\/video>\n\t\t\t\t<\/div>\n\t\t\t\t\t\t<\/div>\n\t\t\t\t<\/div>\n\t\t\t\t\t<\/div>\n\t\t<\/div>\n\t\t\t\t\t<\/div>\n\t\t<\/section>\n\t\t\t\t<\/div>\n\t\t","protected":false},"excerpt":{"rendered":"<p>Nosotros Acerca de nosotros \u00a0Somos una empresa 100%\u00a0 mexicana especializada en todo\u00a0 tipo de aires acondicionados\u00a0 industriales y comercial.\u00a0 Contamos con un equipo s\u00f3lido para la ejecuci\u00f3n de cada proyecto. M\u00e1s de 22 a\u00f1os de experiencia respaldan a nuestro trabajo en el ramo de reparaci\u00f3n e instalaci\u00f3n\u00a0 comercial e industrial a nivel nacional. \u201c En [&hellip;]<\/p>\n","protected":false},"author":1,"featured_media":0,"parent":0,"menu_order":0,"comment_status":"closed","ping_status":"closed","template":"templates\/page-builder-content.php","meta":{"_joinchat":[],"footnotes":""},"class_list":["post-69","page","type-page","status-publish","hentry"],"_links":{"self":[{"href":"https:\/\/reaaci.com\/index.php?rest_route=\/wp\/v2\/pages\/69","targetHints":{"allow":["GET"]}}],"collection":[{"href":"https:\/\/reaaci.com\/index.php?rest_route=\/wp\/v2\/pages"}],"about":[{"href":"https:\/\/reaaci.com\/index.php?rest_route=\/wp\/v2\/types\/page"}],"author":[{"embeddable":true,"href":"https:\/\/reaaci.com\/index.php?rest_route=\/wp\/v2\/users\/1"}],"replies":[{"embeddable":true,"href":"https:\/\/reaaci.com\/index.php?rest_route=%2Fwp%2Fv2%2Fcomments&post=69"}],"version-history":[{"count":141,"href":"https:\/\/reaaci.com\/index.php?rest_route=\/wp\/v2\/pages\/69\/revisions"}],"predecessor-version":[{"id":1097,"href":"https:\/\/reaaci.com\/index.php?rest_route=\/wp\/v2\/pages\/69\/revisions\/1097"}],"wp:attachment":[{"href":"https:\/\/reaaci.com\/index.php?rest_route=%2Fwp%2Fv2%2Fmedia&parent=69"}],"curies":[{"name":"wp","href":"https:\/\/api.w.org\/{rel}","templated":true}]}}